{"id":329,"date":"2018-05-20T22:02:03","date_gmt":"2018-05-20T22:02:03","guid":{"rendered":"http:\/\/sieberth.ch\/meinedomain\/faq-2\/"},"modified":"2018-10-26T14:10:20","modified_gmt":"2018-10-26T12:10:20","slug":"faq-2","status":"publish","type":"page","link":"http:\/\/sieberth.ch\/meinedomain\/?page_id=329","title":{"rendered":"Haftungsausschluss"},"content":{"rendered":"<!--[fluid]--><!--{content}-->    <!--[section]-->\n\t\t<style>\n.bd-section-1847991750{padding-bottom:2em;}\n.bd-section-1847991750{\n\tline-height:  23.8px;\n\tcolor:  #6f6f6f;\n\tfont-size:  14px;\n\tfont-weight:  400;\n}\n.bd-section-1847991750 h3{\n\tline-height:  22.8571px;\n\tcolor:  #000000;\n\tfont-size:  18px;\n\ttext-transform:  none;\n}\n<\/style>\t\t<section id=section4 class=\" bd-section-1847991750 bd-page-width  bd-tagstyles\" data-section-title=\"Six Columns\">\n\t\t\t<div class=\"bd-container-inner bd-margins clearfix\">\n\t\t\t\t<!--{content}-->\n\t\t\t\t\t<!--[background_width]--><!--{content}-->    <!--[columns]-->\n        <style>\n.bd-layoutcontainer-500027467 > .bd-container-inner > .container-fluid > .row{height:100%;margin:0px;}\n.bd-layoutcontainer-500027467 > .bd-container-inner > .container-fluid > .row > div{padding:0px;}\n.bd-layoutcontainer-500027467  > .bd-container-inner > .container-fluid:after{display:none;}<\/style><style>\n.bd-layoutcontainer-500027467 > .bd-container-inner > .container-fluid, .bd-layoutcontainer-500027467 > .bd-container-inner > .container-fluid > .row{height:100%;}<\/style><style>.bd-layoutcontainer-500027467 > .bd-container-inner > .container-fluid {padding-left: 0; padding-right: 0;margin-left: 0!important; margin-right: 0!important;}<\/style>        <style>\n.bd-layoutcolumn-1905718063{background-color:#f0f0f0;margin-bottom:0px;padding:3em;}\n@media (max-width: 1199px) {.bd-layoutcolumn-1905718063{padding:2em;}}\n\n.bd-layoutcolumn-1878987433{background-color:#fafafa;margin-top:0px;padding:3em;}\n@media (max-width: 1199px) {.bd-layoutcolumn-1878987433{padding:2em;}}\n\n.bd-layoutcolumn-782154666{background-color:#fafafa;padding:3em;}\n@media (max-width: 1199px) {.bd-layoutcolumn-782154666{padding:2em;}}<\/style>        <div class=\" bd-layoutcontainer-500027467 bd-background-width  bd-columns bd-no-margins\">\n            <div class=\"bd-container-inner\">\n                <div class=\"container-fluid\">\n                    <div class=\"row bd-row-flex bd-row-align-middle\">\n                        <!--{content}-->\n                                <!--[column]-->\n        <div class=\"col-md-4 col-sm-6 bd-columnwrapper-1905718063\">\n            <div class=\"bd-column  bd-layoutcolumn-1905718063 \">\n                <div class=\"bd-vertical-align-wrapper\">\n                    <!--{content}-->\n                            <!--[text]-->\n        <style>\nh3.additional-class-1694949737{\n\tcolor:  #002856;\n\tfont-weight:  bold;\n}\n<\/style>        <h3 class=\" additional-class-1694949737  bd-content-element\">\n            <!--{content}-->\n                Inhalt der Website Dr. Sieberth Verm\u00f6genstreuhand AG            <!--{\/content}-->\n        <\/h3>\n    <!--[\/text]-->\n\n\t\n\t\t    <!--[text]-->\n                <p class=\" additional-class-1075034569  bd-content-element\">\n            <!--{content}-->\n                Dr. Sieberth Verm\u00f6genstreuhand AG \u00fcbernimmt keinerlei Gew\u00e4hr f\u00fcr die Aktualit\u00e4t, Richtigkeit und Vollst\u00e4ndigkeit der bereitgestellten Informationen auf der Website.&nbsp;<br><br>Haftungsanspr\u00fcche gegen den Autor, welche sich auf Sch\u00e4den materieller oder ideeller Art beziehen, die durch die Nutzung oder Nichtnutzung der dargebotenen Informationen bzw. durch die Nutzung fehlerhafter und unvollst\u00e4ndiger Informationen verursacht wurden, sind grunds\u00e4tzlich ausgeschlossen, sofern seitens des Autors kein nachweislich vors\u00e4tzliches oder grob fahrl\u00e4ssiges Verschulden vorliegt.Alle Angebote sind freibleibend und unverbindlich. Der Autor beh\u00e4lt es sich ausdr\u00fccklich vor, Teile der Seiten oder das gesamte Angebot ohne gesonderte Ank\u00fcndigung zu ver\u00e4ndern, zu erg\u00e4nzen, zu l\u00f6schen oder die Ver\u00f6ffentlichung zeitweise oder endg\u00fcltig einzustellen.            <!--{\/content}-->\n        <\/p>\n    <!--[\/text]-->\n                    <!--{\/content}-->\n                <\/div>\n            <\/div>\n        <\/div>\n    <!--[\/column]-->\n\n\t\n\t\t    <!--[column]-->\n        <div class=\"col-md-4 col-sm-6 bd-columnwrapper-1878987433\">\n            <div class=\"bd-column  bd-layoutcolumn-1878987433 \">\n                <div class=\"bd-vertical-align-wrapper\">\n                    <!--{content}-->\n                            <!--[text]-->\n        <style>\nh3.additional-class-502293649{\n\tcolor:  #002856;\n\tfont-weight:  bold;\n}\n<\/style>        <h3 class=\" additional-class-502293649  bd-content-element\">\n            <!--{content}-->\n                Urheber und Kennzeichenrecht            <!--{\/content}-->\n        <\/h3>\n    <!--[\/text]-->\n\n\t\n\t\t    <!--[text]-->\n                <p class=\" additional-class-1138961200  bd-content-element\">\n            <!--{content}-->\n                Dr. Sieberth Verm\u00f6genstreuhand AG ist bestrebt, in allen Publikationen die Urheberrechte der verwendeten Bilder, Grafiken, Tondokumente, Videosequenzen und Texte zu beachten, von ihr selbst erstellte Bilder, Grafiken, Tondokumente, Videosequenzen und Texte zu nutzen oder auf lizenzfreie Grafiken, Tondokumente, Videosequenzen und Texte zur\u00fcckzugreifen.<br><br>Alle innerhalb des Internetangebotes genannten und ggf. durch Dritte gesch\u00fctzten Marken- und Warenzeichen unterliegen uneingeschr\u00e4nkt den Bestimmungen des jeweils g\u00fcltigen Kennzeichenrechts und den Besitzrechten der jeweiligen eingetragenen Eigent\u00fcmer. Allein aufgrund der blossen Nennung ist nicht der Schluss zu ziehen, dass Markenzeichen nicht durch Rechte Dritter gesch\u00fctzt sind!<br>Das Copyright f\u00fcr ver\u00f6ffentlichte, von Dr. Sieberth Verm\u00f6genstreuhand AG selbst erstellte Objekte bleibt allein beim Autor der Seiten. Eine Vervielf\u00e4ltigung oder Verwendung solcher Grafiken, Tondokumente, Videosequenzen und Texte in anderen elektronischen oder gedruckten Publikationen ist ohne ausdr\u00fcckliche Zustimmung des Autors nicht gestattet.            <!--{\/content}-->\n        <\/p>\n    <!--[\/text]-->\n                    <!--{\/content}-->\n                <\/div>\n            <\/div>\n        <\/div>\n    <!--[\/column]-->\n\n\t\n\t\t    <!--[column]-->\n        <div class=\"col-md-12 col-sm-6 bd-columnwrapper-782154666\">\n            <div class=\"bd-column  bd-layoutcolumn-782154666 \">\n                <div class=\"bd-vertical-align-wrapper\">\n                    <!--{content}-->\n                            <!--[text]-->\n        <style>\nh3.additional-class-1355419603{\n\tfont-weight:  bold;\n\tcolor:  #002856;\n}\n<\/style>        <h3 class=\" additional-class-1355419603  bd-content-element\">\n            <!--{content}-->\n                Datenschutz            <!--{\/content}-->\n        <\/h3>\n    <!--[\/text]-->\n\n\t\n\t\t    <!--[text]-->\n                <p class=\" additional-class-1442910951  bd-content-element\">\n            <!--{content}-->\n                Pers\u00f6nliche Daten, die zur Verf\u00fcgung gestellt werden, werden entsprechend der schweizerischen Datenschutzbestimmungen gespeichert und verarbeitet            <!--{\/content}-->\n        <\/p>\n    <!--[\/text]-->\n                    <!--{\/content}-->\n                <\/div>\n            <\/div>\n        <\/div>\n    <!--[\/column]-->\n                        <!--{\/content}-->\n                    <\/div>\n                <\/div>\n            <\/div>\n        <\/div>\n    <!--[\/columns]-->\n<!--{\/content}--><!--[\/background_width]-->\t\t\t\t<!--{\/content}-->\n\t\t\t<\/div>\n\t\t<\/section>\n\t<!--[\/section]-->\n<!--{\/content}--><!--[\/fluid]-->\n","protected":false},"excerpt":{"rendered":"","protected":false},"author":1,"featured_media":0,"parent":0,"menu_order":4,"comment_status":"closed","ping_status":"closed","template":"","meta":{"footnotes":""},"_links":{"self":[{"href":"http:\/\/sieberth.ch\/meinedomain\/index.php?rest_route=\/wp\/v2\/pages\/329"}],"collection":[{"href":"http:\/\/sieberth.ch\/meinedomain\/index.php?rest_route=\/wp\/v2\/pages"}],"about":[{"href":"http:\/\/sieberth.ch\/meinedomain\/index.php?rest_route=\/wp\/v2\/types\/page"}],"author":[{"embeddable":true,"href":"http:\/\/sieberth.ch\/meinedomain\/index.php?rest_route=\/wp\/v2\/users\/1"}],"replies":[{"embeddable":true,"href":"http:\/\/sieberth.ch\/meinedomain\/index.php?rest_route=%2Fwp%2Fv2%2Fcomments&post=329"}],"version-history":[{"count":0,"href":"http:\/\/sieberth.ch\/meinedomain\/index.php?rest_route=\/wp\/v2\/pages\/329\/revisions"}],"wp:attachment":[{"href":"http:\/\/sieberth.ch\/meinedomain\/index.php?rest_route=%2Fwp%2Fv2%2Fmedia&parent=329"}],"curies":[{"name":"wp","href":"https:\/\/api.w.org\/{rel}","templated":true}]}}